{"id":1412,"date":"2023-11-28T06:37:41","date_gmt":"2023-11-28T06:37:41","guid":{"rendered":"https:\/\/mfic.me\/?page_id=1412"},"modified":"2024-06-24T07:05:22","modified_gmt":"2024-06-24T07:05:22","slug":"executive-director","status":"publish","type":"page","link":"https:\/\/mfic.me\/cnr\/about-us\/organisation\/executive-director\/","title":{"rendered":"Executive Director"},"content":{"rendered":"<div data-elementor-type=\"wp-page\" data-elementor-id=\"1412\" class=\"elementor elementor-1412\" data-elementor-post-type=\"page\">\n\t\t\t\t\t\t<section class=\"elementor-section elementor-top-section elementor-element elementor-element-d33c1fb elementor-section-height-min-height elementor-section-boxed elementor-section-height-default elementor-section-items-middle\" data-id=\"d33c1fb\" data-element_type=\"section\" data-settings=\"{&quot;background_background&quot;:&quot;classic&quot;}\">\n\t\t\t\t\t\t\t<div class=\"elementor-background-overlay\"><\/div>\n\t\t\t\t\t\t\t<div class=\"elementor-container elementor-column-gap-default\">\n\t\t\t\t\t<div class=\"elementor-column elementor-col-100 elementor-top-column elementor-element elementor-element-019e7cc\" data-id=\"019e7cc\" data-element_type=\"column\">\n\t\t\t<div class=\"elementor-widget-wrap elementor-element-populated\">\n\t\t\t\t\t\t\t<\/div>\n\t\t<\/div>\n\t\t\t\t\t<\/div>\n\t\t<\/section>\n\t\t\t\t<section class=\"elementor-section elementor-top-section elementor-element elementor-element-de8c91f elementor-section-boxed elementor-section-height-default elementor-section-height-default\" data-id=\"de8c91f\" data-element_type=\"section\">\n\t\t\t\t\t\t<div class=\"elementor-container elementor-column-gap-extended\">\n\t\t\t\t\t<div class=\"elementor-column elementor-col-50 elementor-top-column elementor-element elementor-element-4d0d3a0\" data-id=\"4d0d3a0\" data-element_type=\"column\">\n\t\t\t<div class=\"elementor-widget-wrap elementor-element-populated\">\n\t\t\t\t\t\t<section class=\"elementor-section elementor-inner-section elementor-element elementor-element-e2e67a8 elementor-section-boxed elementor-section-height-default elementor-section-height-default\" data-id=\"e2e67a8\" data-element_type=\"section\">\n\t\t\t\t\t\t<div class=\"elementor-container elementor-column-gap-no\">\n\t\t\t\t\t<div class=\"elementor-column elementor-col-100 elementor-inner-column elementor-element elementor-element-f5da69b\" data-id=\"f5da69b\" data-element_type=\"column\">\n\t\t\t<div class=\"elementor-widget-wrap elementor-element-populated\">\n\t\t\t\t\t\t<div class=\"elementor-element elementor-element-1d0d184 elementor-widget elementor-widget-heading\" data-id=\"1d0d184\" data-element_type=\"widget\" data-widget_type=\"heading.default\">\n\t\t\t\t<div class=\"elementor-widget-container\">\n\t\t\t\t\t<h2 class=\"elementor-heading-title elementor-size-default\">About Us<\/h2>\t\t\t\t<\/div>\n\t\t\t\t<\/div>\n\t\t\t\t<div class=\"elementor-element elementor-element-d136754 elementor-nav-menu__align-start elementor-nav-menu--dropdown-none elementor-widget elementor-widget-nav-menu\" data-id=\"d136754\" data-element_type=\"widget\" data-settings=\"{&quot;layout&quot;:&quot;vertical&quot;,&quot;submenu_icon&quot;:{&quot;value&quot;:&quot;&lt;i class=\\&quot;\\&quot;&gt;&lt;\\\/i&gt;&quot;,&quot;library&quot;:&quot;&quot;}}\" data-widget_type=\"nav-menu.default\">\n\t\t\t\t<div class=\"elementor-widget-container\">\n\t\t\t\t\t\t\t\t<nav aria-label=\"Menu\" class=\"elementor-nav-menu--main elementor-nav-menu__container elementor-nav-menu--layout-vertical e--pointer-background e--animation-sweep-right\">\n\t\t\t\t<ul id=\"menu-1-d136754\" class=\"elementor-nav-menu sm-vertical\"><li class=\"menu-item menu-item-type-post_type menu-item-object-page menu-item-1394\"><a href=\"https:\/\/mfic.me\/cnr\/history-and-mission\/\" class=\"elementor-item\">History and Mission<\/a><\/li>\n<li class=\"menu-item menu-item-type-post_type menu-item-object-page menu-item-2042\"><a href=\"https:\/\/mfic.me\/cnr\/assembly\/\" class=\"elementor-item\">Assembly<\/a><\/li>\n<li class=\"menu-item menu-item-type-post_type menu-item-object-page menu-item-1393\"><a href=\"https:\/\/mfic.me\/cnr\/organisation\/\" class=\"elementor-item\">Organisation<\/a><\/li>\n<li class=\"menu-item menu-item-type-post_type menu-item-object-page menu-item-1396\"><a href=\"https:\/\/mfic.me\/cnr\/president\/\" class=\"elementor-item\">President<\/a><\/li>\n<li class=\"menu-item menu-item-type-post_type menu-item-object-page menu-item-1395\"><a href=\"https:\/\/mfic.me\/cnr\/board-of-directors\/\" class=\"elementor-item\">Board of Directors<\/a><\/li>\n<li class=\"menu-item menu-item-type-post_type menu-item-object-page menu-item-2041\"><a href=\"https:\/\/mfic.me\/cnr\/about-us\/organisation\/executive-director\/\" class=\"elementor-item\">Executive Director<\/a><\/li>\n<\/ul>\t\t\t<\/nav>\n\t\t\t\t\t\t<nav class=\"elementor-nav-menu--dropdown elementor-nav-menu__container\" aria-hidden=\"true\">\n\t\t\t\t<ul id=\"menu-2-d136754\" class=\"elementor-nav-menu sm-vertical\"><li class=\"menu-item menu-item-type-post_type menu-item-object-page menu-item-1394\"><a href=\"https:\/\/mfic.me\/cnr\/history-and-mission\/\" class=\"elementor-item\" tabindex=\"-1\">History and Mission<\/a><\/li>\n<li class=\"menu-item menu-item-type-post_type menu-item-object-page menu-item-2042\"><a href=\"https:\/\/mfic.me\/cnr\/assembly\/\" class=\"elementor-item\" tabindex=\"-1\">Assembly<\/a><\/li>\n<li class=\"menu-item menu-item-type-post_type menu-item-object-page menu-item-1393\"><a href=\"https:\/\/mfic.me\/cnr\/organisation\/\" class=\"elementor-item\" tabindex=\"-1\">Organisation<\/a><\/li>\n<li class=\"menu-item menu-item-type-post_type menu-item-object-page menu-item-1396\"><a href=\"https:\/\/mfic.me\/cnr\/president\/\" class=\"elementor-item\" tabindex=\"-1\">President<\/a><\/li>\n<li class=\"menu-item menu-item-type-post_type menu-item-object-page menu-item-1395\"><a href=\"https:\/\/mfic.me\/cnr\/board-of-directors\/\" class=\"elementor-item\" tabindex=\"-1\">Board of Directors<\/a><\/li>\n<li class=\"menu-item menu-item-type-post_type menu-item-object-page menu-item-2041\"><a href=\"https:\/\/mfic.me\/cnr\/about-us\/organisation\/executive-director\/\" class=\"elementor-item\" tabindex=\"-1\">Executive Director<\/a><\/li>\n<\/ul>\t\t\t<\/nav>\n\t\t\t\t\t\t<\/div>\n\t\t\t\t<\/div>\n\t\t\t\t\t<\/div>\n\t\t<\/div>\n\t\t\t\t\t<\/div>\n\t\t<\/section>\n\t\t\t\t<section class=\"elementor-section elementor-inner-section elementor-element elementor-element-7ecfddd elementor-section-boxed elementor-section-height-default elementor-section-height-default\" data-id=\"7ecfddd\" data-element_type=\"section\">\n\t\t\t\t\t\t<div class=\"elementor-container elementor-column-gap-no\">\n\t\t\t\t\t<div class=\"elementor-column elementor-col-100 elementor-inner-column elementor-element elementor-element-3bd3597\" data-id=\"3bd3597\" data-element_type=\"column\">\n\t\t\t<div class=\"elementor-widget-wrap elementor-element-populated\">\n\t\t\t\t\t\t<div class=\"elementor-element elementor-element-3008d40 elementor-widget elementor-widget-heading\" data-id=\"3008d40\" data-element_type=\"widget\" data-widget_type=\"heading.default\">\n\t\t\t\t<div class=\"elementor-widget-container\">\n\t\t\t\t\t<h2 class=\"elementor-heading-title elementor-size-default\">White Book<\/h2>\t\t\t\t<\/div>\n\t\t\t\t<\/div>\n\t\t\t\t<div class=\"elementor-element elementor-element-10afd22 elementor-widget elementor-widget-image\" data-id=\"10afd22\" data-element_type=\"widget\" data-widget_type=\"image.default\">\n\t\t\t\t<div class=\"elementor-widget-container\">\n\t\t\t\t\t\t\t\t\t\t\t\t\t\t\t<img fetchpriority=\"high\" decoding=\"async\" width=\"511\" height=\"313\" src=\"https:\/\/mfic.me\/wp-content\/uploads\/2024\/06\/245x150px_mockup-01.jpg\" class=\"attachment-large size-large wp-image-2307\" alt=\"\" srcset=\"https:\/\/mfic.me\/wp-content\/uploads\/2024\/06\/245x150px_mockup-01.jpg 511w, https:\/\/mfic.me\/wp-content\/uploads\/2024\/06\/245x150px_mockup-01-300x184.jpg 300w\" sizes=\"(max-width: 511px) 100vw, 511px\" \/>\t\t\t\t\t\t\t\t\t\t\t\t\t\t\t<\/div>\n\t\t\t\t<\/div>\n\t\t\t\t\t<\/div>\n\t\t<\/div>\n\t\t\t\t\t<\/div>\n\t\t<\/section>\n\t\t\t\t\t<\/div>\n\t\t<\/div>\n\t\t\t\t<div class=\"elementor-column elementor-col-50 elementor-top-column elementor-element elementor-element-6723ca6\" data-id=\"6723ca6\" data-element_type=\"column\">\n\t\t\t<div class=\"elementor-widget-wrap elementor-element-populated\">\n\t\t\t\t\t\t<section class=\"elementor-section elementor-inner-section elementor-element elementor-element-ba914e2 elementor-section-boxed elementor-section-height-default elementor-section-height-default\" data-id=\"ba914e2\" data-element_type=\"section\">\n\t\t\t\t\t\t<div class=\"elementor-container elementor-column-gap-no\">\n\t\t\t\t\t<div class=\"elementor-column elementor-col-100 elementor-inner-column elementor-element elementor-element-4d8a4db\" data-id=\"4d8a4db\" data-element_type=\"column\">\n\t\t\t<div class=\"elementor-widget-wrap elementor-element-populated\">\n\t\t\t\t\t\t<div class=\"elementor-element elementor-element-58fecbf elementor-position-left elementor-vertical-align-top elementor-widget elementor-widget-image-box\" data-id=\"58fecbf\" data-element_type=\"widget\" data-widget_type=\"image-box.default\">\n\t\t\t\t<div class=\"elementor-widget-container\">\n\t\t\t\t\t<div class=\"elementor-image-box-wrapper\"><figure class=\"elementor-image-box-img\"><img decoding=\"async\" width=\"2560\" height=\"1701\" src=\"https:\/\/mfic.me\/wp-content\/uploads\/2024\/01\/Arijana-Nikolic-scaled.jpg\" class=\"attachment-full size-full wp-image-1611\" alt=\"\" srcset=\"https:\/\/mfic.me\/wp-content\/uploads\/2024\/01\/Arijana-Nikolic-scaled.jpg 2560w, https:\/\/mfic.me\/wp-content\/uploads\/2024\/01\/Arijana-Nikolic-300x199.jpg 300w, https:\/\/mfic.me\/wp-content\/uploads\/2024\/01\/Arijana-Nikolic-1024x681.jpg 1024w, https:\/\/mfic.me\/wp-content\/uploads\/2024\/01\/Arijana-Nikolic-768x510.jpg 768w, https:\/\/mfic.me\/wp-content\/uploads\/2024\/01\/Arijana-Nikolic-1536x1021.jpg 1536w, https:\/\/mfic.me\/wp-content\/uploads\/2024\/01\/Arijana-Nikolic-2048x1361.jpg 2048w\" sizes=\"(max-width: 2560px) 100vw, 2560px\" \/><\/figure><div class=\"elementor-image-box-content\"><h3 class=\"elementor-image-box-title\">Executive Director<\/h3><p class=\"elementor-image-box-description\">The Executive Director shall be responsible for organization of daily activities of the Council, its bodies and documentation.<\/p><\/div><\/div>\t\t\t\t<\/div>\n\t\t\t\t<\/div>\n\t\t\t\t<div class=\"elementor-element elementor-element-8a9bd6c elementor-widget__width-initial elementor-widget elementor-widget-text-editor\" data-id=\"8a9bd6c\" data-element_type=\"widget\" data-widget_type=\"text-editor.default\">\n\t\t\t\t<div class=\"elementor-widget-container\">\n\t\t\t\t\t\t\t\t\t<p style=\"font-weight: 400;\"><strong>Arijana Nikoli\u0107 Vu\u010dini\u0107<\/strong> was born and raised in Podgorica. She graduated and obtained a Master&#8217;s degree from the Faculty of Economics in Podgorica. From 2006 to 2013, she served as Coordinator of the Department for Regional Trade Cooperation at the Ministry of Economy. After that, she was appointed Director General of the Directorate for Labor Market and Employment at the Ministry of Labor and Social Welfare. During the same period, she was the chief negotiator for Chapters 2 (Free Movement of Workers) and 19 (Social Policy and Employment) as part of Montenegro&#8217;s accession negotiations with the European Union.<\/p><p style=\"font-weight: 400;\">She has served as the Director General of the Directorate for Preschool, Primary, and Inclusive Education at the Ministry of Education. Additionally, she holds the role of National Coordinator for the international computer school for children and youth, &#8220;Coding Giants,&#8221; overseeing its educational programs on a global scale.<\/p>\t\t\t\t\t\t\t\t<\/div>\n\t\t\t\t<\/div>\n\t\t\t\t<div class=\"elementor-element elementor-element-c3295eb elementor-widget__width-initial elementor-widget elementor-widget-text-editor\" data-id=\"c3295eb\" data-element_type=\"widget\" data-widget_type=\"text-editor.default\">\n\t\t\t\t<div class=\"elementor-widget-container\">\n\t\t\t\t\t\t\t\t\t<div>\u00a0<\/div><div><strong><span lang=\"SR-LATN-ME\">Term and Election: The Executive Director is elected for a tenure of three (3) years, during which they spearhead crucial initiatives to advance the Council&#8217;s mission.<\/span><\/strong><\/div><p>Main Duties and Responsibilities:<\/p><ol><li>representation of the Council in accordance with Article 34 of this Articles of Association;<\/li><li>implementation of the strategies and policies of the Council and assistance to the Board of Directors in creating new strategies, as well as assistance to the President of the Board of Directors in execution of the Council\u2019s decisions;<\/li><li>work on the preparation of the White Book and other documents, organization of conferences and round tables<\/li><li>maintenance of contact with all relevant stakeholders;<\/li><li>management of all administrative functions of the Council including contract compliance, preparation and monitoring of annual budget, keeping the registry of members of the Council, minutes keeping, defining the content of website;<\/li><li>presenting of the precise annual reports on the accounts at each regular annual session of the Assembly, which shall include balance sheet and reports on income and expenditures from the last of the previous reports;<\/li><li>preparation of the Assembly\u2019s and Board of Directors sessions;<\/li><li>informing the competent state agency of entering the Council into the registry on each change of the facts entered in the registry, within 30 days from the day when the change occurred.<\/li><\/ol><p><br \/>Term of Office: The term of office for the Executive Director is three (3) years and can be reelected without limitation of the number of terms of office.<\/p>\t\t\t\t\t\t\t\t<\/div>\n\t\t\t\t<\/div>\n\t\t\t\t\t<\/div>\n\t\t<\/div>\n\t\t\t\t\t<\/div>\n\t\t<\/section>\n\t\t\t\t\t<\/div>\n\t\t<\/div>\n\t\t\t\t\t<\/div>\n\t\t<\/section>\n\t\t\t\t<\/div>","protected":false},"excerpt":{"rendered":"<p>About Us White Book Executive Director The Executive Director shall be responsible for organization of daily activities of the Council, its bodies and documentation. Arijana Nikoli\u0107 Vu\u010dini\u0107 was born and raised in Podgorica. She graduated and obtained a Master&#8217;s degree from the Faculty of Economics in Podgorica. From 2006 to 2013, she served as Coordinator [&hellip;]<\/p>","protected":false},"author":1,"featured_media":0,"parent":1388,"menu_order":0,"comment_status":"closed","ping_status":"closed","template":"","meta":{"pmpro_default_level":0,"footnotes":""},"class_list":["post-1412","page","type-page","status-publish","hentry","pmpro-has-access"],"_links":{"self":[{"href":"https:\/\/mfic.me\/cnr\/wp-json\/wp\/v2\/pages\/1412","targetHints":{"allow":["GET"]}}],"collection":[{"href":"https:\/\/mfic.me\/cnr\/wp-json\/wp\/v2\/pages"}],"about":[{"href":"https:\/\/mfic.me\/cnr\/wp-json\/wp\/v2\/types\/page"}],"author":[{"embeddable":true,"href":"https:\/\/mfic.me\/cnr\/wp-json\/wp\/v2\/users\/1"}],"replies":[{"embeddable":true,"href":"https:\/\/mfic.me\/cnr\/wp-json\/wp\/v2\/comments?post=1412"}],"version-history":[{"count":19,"href":"https:\/\/mfic.me\/cnr\/wp-json\/wp\/v2\/pages\/1412\/revisions"}],"predecessor-version":[{"id":2349,"href":"https:\/\/mfic.me\/cnr\/wp-json\/wp\/v2\/pages\/1412\/revisions\/2349"}],"up":[{"embeddable":true,"href":"https:\/\/mfic.me\/cnr\/wp-json\/wp\/v2\/pages\/1388"}],"wp:attachment":[{"href":"https:\/\/mfic.me\/cnr\/wp-json\/wp\/v2\/media?parent=1412"}],"curies":[{"name":"wp","href":"https:\/\/api.w.org\/{rel}","templated":true}]}}